{"id":7494,"date":"2024-10-17T14:03:11","date_gmt":"2024-10-17T17:03:11","guid":{"rendered":"https:\/\/unreal-lab.com\/?page_id=7494"},"modified":"2024-10-17T15:44:37","modified_gmt":"2024-10-17T18:44:37","slug":"politica-de-privacidad","status":"publish","type":"page","link":"https:\/\/unreal-lab.com\/index.php\/politica-de-privacidad\/","title":{"rendered":"Pol\u00edtica de Privacidad"},"content":{"rendered":"\t\t<div data-elementor-type=\"wp-page\" data-elementor-id=\"7494\" class=\"elementor elementor-7494\" data-elementor-post-type=\"page\">\n\t\t\t\t<div class=\"elementor-element elementor-element-51796e2 e-flex e-con-boxed e-con e-parent\" data-id=\"51796e2\" data-element_type=\"container\" data-e-type=\"container\" data-settings=\"{&quot;jet_parallax_layout_list&quot;:[]}\">\n\t\t\t\t\t<div class=\"e-con-inner\">\n\t\t\t\t<div class=\"elementor-element elementor-element-e7bce1b elementor-widget elementor-widget-heading\" data-id=\"e7bce1b\" data-element_type=\"widget\" data-e-type=\"widget\" data-widget_type=\"heading.default\">\n\t\t\t\t<div class=\"elementor-widget-container\">\n\t\t\t\t\t<h2 class=\"elementor-heading-title elementor-size-default\">Pol\u00edtica de Privacidad<\/h2>\t\t\t\t<\/div>\n\t\t\t\t<\/div>\n\t\t\t\t\t<\/div>\n\t\t\t\t<\/div>\n\t\t<div class=\"elementor-element elementor-element-ee0fcac e-flex e-con-boxed e-con e-parent\" data-id=\"ee0fcac\" data-element_type=\"container\" data-e-type=\"container\" data-settings=\"{&quot;jet_parallax_layout_list&quot;:[]}\">\n\t\t\t\t\t<div class=\"e-con-inner\">\n\t\t\t\t<div class=\"elementor-element elementor-element-3465ddd elementor-widget elementor-widget-post-info\" data-id=\"3465ddd\" data-element_type=\"widget\" data-e-type=\"widget\" data-widget_type=\"post-info.default\">\n\t\t\t\t<div class=\"elementor-widget-container\">\n\t\t\t\t\t\t\t<ul class=\"elementor-inline-items elementor-icon-list-items elementor-post-info\">\n\t\t\t\t\t\t\t\t<li class=\"elementor-icon-list-item elementor-repeater-item-9dca3a6 elementor-inline-item\" itemprop=\"datePublished\">\n\t\t\t\t\t\t\t\t\t\t<span class=\"elementor-icon-list-icon\">\n\t\t\t\t\t\t\t\t<svg aria-hidden=\"true\" class=\"e-font-icon-svg e-fas-calendar\" viewBox=\"0 0 448 512\" xmlns=\"http:\/\/www.w3.org\/2000\/svg\"><path d=\"M12 192h424c6.6 0 12 5.4 12 12v260c0 26.5-21.5 48-48 48H48c-26.5 0-48-21.5-48-48V204c0-6.6 5.4-12 12-12zm436-44v-36c0-26.5-21.5-48-48-48h-48V12c0-6.6-5.4-12-12-12h-40c-6.6 0-12 5.4-12 12v52H160V12c0-6.6-5.4-12-12-12h-40c-6.6 0-12 5.4-12 12v52H48C21.5 64 0 85.5 0 112v36c0 6.6 5.4 12 12 12h424c6.6 0 12-5.4 12-12z\"><\/path><\/svg>\t\t\t\t\t\t\t<\/span>\n\t\t\t\t\t\t\t\t\t<span class=\"elementor-icon-list-text elementor-post-info__item elementor-post-info__item--type-date\">\n\t\t\t\t\t\t\t<span class=\"elementor-post-info__item-prefix\">\u00daltima Actualizaci\u00f3n:<\/span>\n\t\t\t\t\t\t\t\t\t\t<time>octubre 17, 2024<\/time>\t\t\t\t\t<\/span>\n\t\t\t\t\t\t\t\t<\/li>\n\t\t\t\t<\/ul>\n\t\t\t\t\t\t<\/div>\n\t\t\t\t<\/div>\n\t\t\t\t<div class=\"elementor-element elementor-element-69331d2 elementor-widget elementor-widget-text-editor\" data-id=\"69331d2\" data-element_type=\"widget\" data-e-type=\"widget\" data-widget_type=\"text-editor.default\">\n\t\t\t\t<div class=\"elementor-widget-container\">\n\t\t\t\t\t\t\t\t\t<p><span style=\"font-weight: 400;\">Bienvenido a nuestro sitio web de Unreal Lab (en adelante referido como el \u00abSitio\u00bb). Valoramos su privacidad y nos esforzamos por proteger sus datos personales. Esta Pol\u00edtica de Privacidad explica qu\u00e9 datos recopilamos y c\u00f3mo los utilizamos.<\/span><\/p>\t\t\t\t\t\t\t\t<\/div>\n\t\t\t\t<\/div>\n\t\t\t\t<div class=\"elementor-element elementor-element-d8bdb58 elementor-widget elementor-widget-text-editor\" data-id=\"d8bdb58\" data-element_type=\"widget\" data-e-type=\"widget\" data-widget_type=\"text-editor.default\">\n\t\t\t\t<div class=\"elementor-widget-container\">\n\t\t\t\t\t\t\t\t\t<p><strong>Datos Recopilados<\/strong><\/p><ul><li aria-level=\"1\"><p>Recopilamos las siguientes categor\u00edas de datos:<\/p><ul><li aria-level=\"2\"><p>Datos Personales: Su nombre y direcci\u00f3n de correo electr\u00f3nico que proporciona al contactarnos.<\/p><\/li><li aria-level=\"2\"><p>Informaci\u00f3n de Visita: Recopilamos su direcci\u00f3n IP e informaci\u00f3n sobre su visita a nuestro Sitio, incluyendo navegador, sistema operativo, fecha y hora.<\/p><\/li><\/ul><\/li><\/ul>\t\t\t\t\t\t\t\t<\/div>\n\t\t\t\t<\/div>\n\t\t\t\t<div class=\"elementor-element elementor-element-c8b03f4 elementor-widget elementor-widget-text-editor\" data-id=\"c8b03f4\" data-element_type=\"widget\" data-e-type=\"widget\" data-widget_type=\"text-editor.default\">\n\t\t\t\t<div class=\"elementor-widget-container\">\n\t\t\t\t\t\t\t\t\t<p><strong>Prop\u00f3sitos de la Recopilaci\u00f3n de Datos<\/strong><\/p><ul><li aria-level=\"1\">Utilizamos sus datos para los siguientes prop\u00f3sitos:<ul><li aria-level=\"2\">Proporcionar acceso a informaci\u00f3n sobre nuestros servicios.<\/li><li aria-level=\"2\">Contactarlo en relaci\u00f3n con consultas y preguntas que proporcione.<\/li><li aria-level=\"2\">Mejorar y optimizar la funcionalidad del Sitio.<\/li><\/ul><\/li><\/ul><ul><li aria-level=\"1\">Divulgaci\u00f3n de Datos<ul><li aria-level=\"2\">No divulgamos su informaci\u00f3n a terceros sin su consentimiento, excepto cuando sea requerido por obligaciones legales.<\/li><\/ul><\/li><\/ul><ul><li aria-level=\"1\">Per\u00edodo de Retenci\u00f3n de Datos<ul><li aria-level=\"2\">Retenemos sus datos solo durante el tiempo necesario para lograr los prop\u00f3sitos descritos en esta Pol\u00edtica de Privacidad.<\/li><\/ul><\/li><\/ul><ul><li aria-level=\"1\">Control de Datos<\/li><\/ul><ul><li aria-level=\"2\">Puede solicitar acceso a sus datos personales, as\u00ed como correcci\u00f3n, eliminaci\u00f3n o restricci\u00f3n de su procesamiento, poni\u00e9ndose en contacto con nosotros mediante la informaci\u00f3n de contacto a continuaci\u00f3n.<\/li><\/ul>\t\t\t\t\t\t\t\t<\/div>\n\t\t\t\t<\/div>\n\t\t\t\t<div class=\"elementor-element elementor-element-27fb723 elementor-widget elementor-widget-text-editor\" data-id=\"27fb723\" data-element_type=\"widget\" data-e-type=\"widget\" data-widget_type=\"text-editor.default\">\n\t\t\t\t<div class=\"elementor-widget-container\">\n\t\t\t\t\t\t\t\t\t<p><strong>Cont\u00e1ctenos<\/strong><\/p><p>Si tiene preguntas o comentarios sobre nuestra Pol\u00edtica de Privacidad, cont\u00e1ctenos utilizando los siguientes detalles:<\/p><p><span style=\"color: var( --e-global-color-0471367 ); font-size: 1rem; text-align: var(--text-align);\">Correo Electr\u00f3nico: <\/span><a style=\"font-size: 1rem; text-align: var(--text-align);\" href=\"mailto:info@unreal-lab.com\">info@unreal-lab.com<\/a><\/p><p>Tel\u00e9fono: +54 9 1128489364<\/p><p>Direcci\u00f3n: Dorrego 144, Entre Rios, Argentina<\/p><p>Nota: Nuestro Sitio puede contener enlaces a sitios web de terceros que no est\u00e1n cubiertos por nuestra Pol\u00edtica de Privacidad. No somos responsables de las acciones y pol\u00edticas de privacidad de dichos sitios web de terceros.<\/p>\t\t\t\t\t\t\t\t<\/div>\n\t\t\t\t<\/div>\n\t\t\t\t<div class=\"elementor-element elementor-element-71dd511 elementor-widget elementor-widget-text-editor\" data-id=\"71dd511\" data-element_type=\"widget\" data-e-type=\"widget\" data-widget_type=\"text-editor.default\">\n\t\t\t\t<div class=\"elementor-widget-container\">\n\t\t\t\t\t\t\t\t\t<p><strong>Cambios en la Pol\u00edtica de Privacidad<\/strong><\/p><p>Nos reservamos el derecho de realizar cambios en nuestra Pol\u00edtica de Privacidad. Consulte esta p\u00e1gina peri\u00f3dicamente para actualizaciones. La \u00faltima actualizaci\u00f3n se refleja al principio de esta pol\u00edtica.<\/p>\t\t\t\t\t\t\t\t<\/div>\n\t\t\t\t<\/div>\n\t\t\t\t\t<\/div>\n\t\t\t\t<\/div>\n\t\t<div class=\"elementor-element elementor-element-55987e8 e-flex e-con-boxed e-con e-parent\" data-id=\"55987e8\" data-element_type=\"container\" data-e-type=\"container\" data-settings=\"{&quot;jet_parallax_layout_list&quot;:[]}\">\n\t\t\t\t\t<div class=\"e-con-inner\">\n\t\t\t\t\t<\/div>\n\t\t\t\t<\/div>\n\t\t\t\t<\/div>\n\t\t","protected":false},"excerpt":{"rendered":"<p>Pol\u00edtica de Privacidad Bienvenido a nuestro sitio web de Unreal Lab (en adelante referido como el \u00abSitio\u00bb). Valoramos su privacidad y nos esforzamos por proteger sus datos personales. Esta Pol\u00edtica de Privacidad explica qu\u00e9 datos recopilamos y c\u00f3mo los utilizamos. Datos Recopilados Recopilamos las siguientes categor\u00edas de datos: Datos Personales: Su nombre y direcci\u00f3n de [&hellip;]<\/p>\n","protected":false},"author":1,"featured_media":0,"parent":0,"menu_order":0,"comment_status":"closed","ping_status":"closed","template":"","meta":{"footnotes":""},"class_list":["post-7494","page","type-page","status-publish","hentry"],"_links":{"self":[{"href":"https:\/\/unreal-lab.com\/index.php\/wp-json\/wp\/v2\/pages\/7494","targetHints":{"allow":["GET"]}}],"collection":[{"href":"https:\/\/unreal-lab.com\/index.php\/wp-json\/wp\/v2\/pages"}],"about":[{"href":"https:\/\/unreal-lab.com\/index.php\/wp-json\/wp\/v2\/types\/page"}],"author":[{"embeddable":true,"href":"https:\/\/unreal-lab.com\/index.php\/wp-json\/wp\/v2\/users\/1"}],"replies":[{"embeddable":true,"href":"https:\/\/unreal-lab.com\/index.php\/wp-json\/wp\/v2\/comments?post=7494"}],"version-history":[{"count":25,"href":"https:\/\/unreal-lab.com\/index.php\/wp-json\/wp\/v2\/pages\/7494\/revisions"}],"predecessor-version":[{"id":7532,"href":"https:\/\/unreal-lab.com\/index.php\/wp-json\/wp\/v2\/pages\/7494\/revisions\/7532"}],"wp:attachment":[{"href":"https:\/\/unreal-lab.com\/index.php\/wp-json\/wp\/v2\/media?parent=7494"}],"curies":[{"name":"wp","href":"https:\/\/api.w.org\/{rel}","templated":true}]}}