{"id":7518,"date":"2024-10-17T14:43:45","date_gmt":"2024-10-17T17:43:45","guid":{"rendered":"https:\/\/unreal-lab.com\/?page_id=7518"},"modified":"2024-10-17T15:44:35","modified_gmt":"2024-10-17T18:44:35","slug":"terminos-y-condiciones","status":"publish","type":"page","link":"https:\/\/unreal-lab.com\/index.php\/terminos-y-condiciones\/","title":{"rendered":"T\u00e9rminos y Condiciones"},"content":{"rendered":"\t\t<div data-elementor-type=\"wp-page\" data-elementor-id=\"7518\" class=\"elementor elementor-7518\" data-elementor-post-type=\"page\">\n\t\t\t\t<div class=\"elementor-element elementor-element-e70081c e-flex e-con-boxed e-con e-parent\" data-id=\"e70081c\" data-element_type=\"container\" data-e-type=\"container\" data-settings=\"{&quot;jet_parallax_layout_list&quot;:[]}\">\n\t\t\t\t\t<div class=\"e-con-inner\">\n\t\t\t\t<div class=\"elementor-element elementor-element-baeba0f elementor-widget elementor-widget-heading\" data-id=\"baeba0f\" data-element_type=\"widget\" data-e-type=\"widget\" data-widget_type=\"heading.default\">\n\t\t\t\t<div class=\"elementor-widget-container\">\n\t\t\t\t\t<h2 class=\"elementor-heading-title elementor-size-default\">Contrato de Licencia de Usuario Final y T\u00e9rminos de Servicio<\/h2>\t\t\t\t<\/div>\n\t\t\t\t<\/div>\n\t\t\t\t\t<\/div>\n\t\t\t\t<\/div>\n\t\t<div class=\"elementor-element elementor-element-ea3876d e-flex e-con-boxed e-con e-parent\" data-id=\"ea3876d\" data-element_type=\"container\" data-e-type=\"container\" data-settings=\"{&quot;jet_parallax_layout_list&quot;:[]}\">\n\t\t\t\t\t<div class=\"e-con-inner\">\n\t\t\t\t<div class=\"elementor-element elementor-element-95916d3 elementor-widget elementor-widget-post-info\" data-id=\"95916d3\" data-element_type=\"widget\" data-e-type=\"widget\" data-widget_type=\"post-info.default\">\n\t\t\t\t<div class=\"elementor-widget-container\">\n\t\t\t\t\t\t\t<ul class=\"elementor-inline-items elementor-icon-list-items elementor-post-info\">\n\t\t\t\t\t\t\t\t<li class=\"elementor-icon-list-item elementor-repeater-item-9dca3a6 elementor-inline-item\" itemprop=\"datePublished\">\n\t\t\t\t\t\t\t\t\t\t<span class=\"elementor-icon-list-icon\">\n\t\t\t\t\t\t\t\t<svg aria-hidden=\"true\" class=\"e-font-icon-svg e-fas-calendar\" viewBox=\"0 0 448 512\" xmlns=\"http:\/\/www.w3.org\/2000\/svg\"><path d=\"M12 192h424c6.6 0 12 5.4 12 12v260c0 26.5-21.5 48-48 48H48c-26.5 0-48-21.5-48-48V204c0-6.6 5.4-12 12-12zm436-44v-36c0-26.5-21.5-48-48-48h-48V12c0-6.6-5.4-12-12-12h-40c-6.6 0-12 5.4-12 12v52H160V12c0-6.6-5.4-12-12-12h-40c-6.6 0-12 5.4-12 12v52H48C21.5 64 0 85.5 0 112v36c0 6.6 5.4 12 12 12h424c6.6 0 12-5.4 12-12z\"><\/path><\/svg>\t\t\t\t\t\t\t<\/span>\n\t\t\t\t\t\t\t\t\t<span class=\"elementor-icon-list-text elementor-post-info__item elementor-post-info__item--type-date\">\n\t\t\t\t\t\t\t<span class=\"elementor-post-info__item-prefix\">\u00daltima Actualizaci\u00f3n:<\/span>\n\t\t\t\t\t\t\t\t\t\t<time>octubre 17, 2024<\/time>\t\t\t\t\t<\/span>\n\t\t\t\t\t\t\t\t<\/li>\n\t\t\t\t<\/ul>\n\t\t\t\t\t\t<\/div>\n\t\t\t\t<\/div>\n\t\t\t\t<div class=\"elementor-element elementor-element-4e80d53 elementor-widget elementor-widget-text-editor\" data-id=\"4e80d53\" data-element_type=\"widget\" data-e-type=\"widget\" data-widget_type=\"text-editor.default\">\n\t\t\t\t<div class=\"elementor-widget-container\">\n\t\t\t\t\t\t\t\t\t<p><b>Introducci\u00f3n<\/b><\/p><p><span style=\"font-weight: 400;\">Estos T\u00e9rminos de Servicio regulan el uso del sitio web de Unreal Lab, ubicado en <\/span><a href=\"https:\/\/unreal-lab.com\/\"><span style=\"font-weight: 400;\">https:\/\/unreal-lab.com\/<\/span><\/a><span style=\"font-weight: 400;\"> (\u00abSitio web\u00bb). El Sitio web es un recurso informativo y no implica la creaci\u00f3n de una cuenta de usuario personal. Al acceder y utilizar el Sitio web, usted acepta estos T\u00e9rminos. Si no est\u00e1 de acuerdo con los T\u00e9rminos, le rogamos que no utilice el Sitio web.<\/span><\/p>\t\t\t\t\t\t\t\t<\/div>\n\t\t\t\t<\/div>\n\t\t\t\t<div class=\"elementor-element elementor-element-0e0a1f5 elementor-widget elementor-widget-text-editor\" data-id=\"0e0a1f5\" data-element_type=\"widget\" data-e-type=\"widget\" data-widget_type=\"text-editor.default\">\n\t\t\t\t<div class=\"elementor-widget-container\">\n\t\t\t\t\t\t\t\t\t<p><b>Condiciones Generales<\/b><\/p><p><span style=\"font-weight: 400;\">El uso del Sitio web est\u00e1 sujeto a estos T\u00e9rminos de Servicio. Unreal Lab ofrece diversos servicios de renderizaci\u00f3n y visualizaci\u00f3n en 3D. Es importante destacar que el Sitio web no facilita la colocaci\u00f3n, el pago o la gesti\u00f3n de proyectos.<\/span><\/p>\t\t\t\t\t\t\t\t<\/div>\n\t\t\t\t<\/div>\n\t\t\t\t<div class=\"elementor-element elementor-element-8723e78 elementor-widget elementor-widget-text-editor\" data-id=\"8723e78\" data-element_type=\"widget\" data-e-type=\"widget\" data-widget_type=\"text-editor.default\">\n\t\t\t\t<div class=\"elementor-widget-container\">\n\t\t\t\t\t\t\t\t\t<p><b>Descripci\u00f3n de Servicios<\/b><\/p><p><span style=\"font-weight: 400;\">Unreal Lab brinda una variedad de servicios de renderizaci\u00f3n y visualizaci\u00f3n en 3D. Para obtener una lista detallada y una descripci\u00f3n completa de nuestros servicios, le invitamos a visitar <\/span><a href=\"https:\/\/unreal-lab.com\/#servicios\/\"><span style=\"font-weight: 400;\">https:\/\/unreal-lab.com\/#servicios\/<\/span><\/a><\/p>\t\t\t\t\t\t\t\t<\/div>\n\t\t\t\t<\/div>\n\t\t\t\t<div class=\"elementor-element elementor-element-8c1af80 elementor-widget elementor-widget-text-editor\" data-id=\"8c1af80\" data-element_type=\"widget\" data-e-type=\"widget\" data-widget_type=\"text-editor.default\">\n\t\t\t\t<div class=\"elementor-widget-container\">\n\t\t\t\t\t\t\t\t\t<p><b>Cambios en los Servicios y Precios<\/b><\/p><p><span style=\"font-weight: 400;\">Los precios de nuestros servicios y los propios servicios est\u00e1n sujetos a cambios sin previo aviso. Nos reservamos el derecho en cualquier momento de modificar o discontinuar el Servicio (o cualquier parte del mismo) sin previo aviso.<\/span><\/p>\t\t\t\t\t\t\t\t<\/div>\n\t\t\t\t<\/div>\n\t\t\t\t<div class=\"elementor-element elementor-element-24c7025 elementor-widget elementor-widget-text-editor\" data-id=\"24c7025\" data-element_type=\"widget\" data-e-type=\"widget\" data-widget_type=\"text-editor.default\">\n\t\t\t\t<div class=\"elementor-widget-container\">\n\t\t\t\t\t\t\t\t\t<p><b>Precisi\u00f3n de la Informaci\u00f3n<\/b><\/p><p><span style=\"font-weight: 400;\">No nos hacemos responsables si la informaci\u00f3n disponible en este sitio no es precisa, completa o actualizada. El material en este sitio se proporciona \u00fanicamente con fines informativos generales y no debe ser la \u00fanica base para tomar decisiones.<\/span><\/p>\t\t\t\t\t\t\t\t<\/div>\n\t\t\t\t<\/div>\n\t\t\t\t<div class=\"elementor-element elementor-element-8490eb2 elementor-widget elementor-widget-text-editor\" data-id=\"8490eb2\" data-element_type=\"widget\" data-e-type=\"widget\" data-widget_type=\"text-editor.default\">\n\t\t\t\t<div class=\"elementor-widget-container\">\n\t\t\t\t\t\t\t\t\t<p><b>Derechos de Propiedad Intelectual<\/b><\/p><p><span style=\"font-weight: 400;\">Todo el contenido y materiales en el Sitio web, incluyendo texto, gr\u00e1ficos e im\u00e1genes, son propiedad intelectual de Unreal Lab o de sus licenciantes y est\u00e1n protegidos por las leyes aplicables de propiedad intelectual.<\/span><\/p>\t\t\t\t\t\t\t\t<\/div>\n\t\t\t\t<\/div>\n\t\t\t\t<div class=\"elementor-element elementor-element-c1020db elementor-widget elementor-widget-text-editor\" data-id=\"c1020db\" data-element_type=\"widget\" data-e-type=\"widget\" data-widget_type=\"text-editor.default\">\n\t\t\t\t<div class=\"elementor-widget-container\">\n\t\t\t\t\t\t\t\t\t<p><b>Responsabilidad del Usuario<\/b><\/p><p><span style=\"font-weight: 400;\">Usted acepta utilizar el Sitio web \u00fanicamente para fines l\u00edcitos y de manera que no infrinja los derechos de, restrinja o inhiba el uso y disfrute del Sitio web por parte de cualquier otra persona.<\/span><\/p>\t\t\t\t\t\t\t\t<\/div>\n\t\t\t\t<\/div>\n\t\t\t\t<div class=\"elementor-element elementor-element-994e8a8 elementor-widget elementor-widget-text-editor\" data-id=\"994e8a8\" data-element_type=\"widget\" data-e-type=\"widget\" data-widget_type=\"text-editor.default\">\n\t\t\t\t<div class=\"elementor-widget-container\">\n\t\t\t\t\t\t\t\t\t<p><b>Limitaci\u00f3n de Responsabilidad<\/b><\/p><p><span style=\"font-weight: 400;\">Unreal Lab no ser\u00e1 responsable de da\u00f1os directos, indirectos, incidentales, consecuentes o punitivos derivados de su uso del Sitio web.<\/span><\/p>\t\t\t\t\t\t\t\t<\/div>\n\t\t\t\t<\/div>\n\t\t\t\t<div class=\"elementor-element elementor-element-9b5759d elementor-widget elementor-widget-text-editor\" data-id=\"9b5759d\" data-element_type=\"widget\" data-e-type=\"widget\" data-widget_type=\"text-editor.default\">\n\t\t\t\t<div class=\"elementor-widget-container\">\n\t\t\t\t\t\t\t\t\t<p><b>Cambios en los T\u00e9rminos de Servicio<\/b><\/p><p><span style=\"font-weight: 400;\">Nos reservamos el derecho de actualizar, cambiar o reemplazar cualquier parte de estos T\u00e9rminos de Servicio mediante la publicaci\u00f3n de actualizaciones y\/o cambios en nuestro Sitio web. Su uso continuado o acceso al Sitio web despu\u00e9s de la publicaci\u00f3n de cualquier cambio constituye la aceptaci\u00f3n de dichos cambios.<\/span><\/p>\t\t\t\t\t\t\t\t<\/div>\n\t\t\t\t<\/div>\n\t\t\t\t<div class=\"elementor-element elementor-element-e70633a elementor-widget elementor-widget-text-editor\" data-id=\"e70633a\" data-element_type=\"widget\" data-e-type=\"widget\" data-widget_type=\"text-editor.default\">\n\t\t\t\t<div class=\"elementor-widget-container\">\n\t\t\t\t\t\t\t\t\t<p><b>Informaci\u00f3n de Contacto<\/b><\/p><p><span style=\"font-weight: 400;\">Para cualquier consulta o informaci\u00f3n adicional, por favor cont\u00e1ctenos en <\/span><a href=\"mailto:sales@unreallab.com\"><span style=\"font-weight: 400;\">info@unreal-lab.com<\/span><\/a><\/p>\t\t\t\t\t\t\t\t<\/div>\n\t\t\t\t<\/div>\n\t\t\t\t\t<\/div>\n\t\t\t\t<\/div>\n\t\t\t\t<\/div>\n\t\t","protected":false},"excerpt":{"rendered":"<p>Contrato de Licencia de Usuario Final y T\u00e9rminos de Servicio Introducci\u00f3n Estos T\u00e9rminos de Servicio regulan el uso del sitio web de Unreal Lab, ubicado en https:\/\/unreal-lab.com\/ (\u00abSitio web\u00bb). El Sitio web es un recurso informativo y no implica la creaci\u00f3n de una cuenta de usuario personal. Al acceder y utilizar el Sitio web, usted [&hellip;]<\/p>\n","protected":false},"author":1,"featured_media":0,"parent":0,"menu_order":0,"comment_status":"closed","ping_status":"closed","template":"","meta":{"footnotes":""},"class_list":["post-7518","page","type-page","status-publish","hentry"],"_links":{"self":[{"href":"https:\/\/unreal-lab.com\/index.php\/wp-json\/wp\/v2\/pages\/7518","targetHints":{"allow":["GET"]}}],"collection":[{"href":"https:\/\/unreal-lab.com\/index.php\/wp-json\/wp\/v2\/pages"}],"about":[{"href":"https:\/\/unreal-lab.com\/index.php\/wp-json\/wp\/v2\/types\/page"}],"author":[{"embeddable":true,"href":"https:\/\/unreal-lab.com\/index.php\/wp-json\/wp\/v2\/users\/1"}],"replies":[{"embeddable":true,"href":"https:\/\/unreal-lab.com\/index.php\/wp-json\/wp\/v2\/comments?post=7518"}],"version-history":[{"count":10,"href":"https:\/\/unreal-lab.com\/index.php\/wp-json\/wp\/v2\/pages\/7518\/revisions"}],"predecessor-version":[{"id":7529,"href":"https:\/\/unreal-lab.com\/index.php\/wp-json\/wp\/v2\/pages\/7518\/revisions\/7529"}],"wp:attachment":[{"href":"https:\/\/unreal-lab.com\/index.php\/wp-json\/wp\/v2\/media?parent=7518"}],"curies":[{"name":"wp","href":"https:\/\/api.w.org\/{rel}","templated":true}]}}